{"id":101,"date":"2022-04-28T14:38:00","date_gmt":"2022-04-28T11:38:00","guid":{"rendered":"https:\/\/mezbahateknikservis.com\/index.php\/home\/"},"modified":"2022-05-14T03:41:45","modified_gmt":"2022-05-14T00:41:45","slug":"home","status":"publish","type":"page","link":"https:\/\/mezbahateknikservis.com\/","title":{"rendered":"Home"},"content":{"rendered":"\n\n\n<h2>Neler yapt\u0131\u011f\u0131m\u0131za g\u00f6z at\u0131n<\/h2><p>Mezbaha ve kurban kesim tesislerinde kullan\u0131lan a\u015fa\u011f\u0131daki gibi makinalar\u0131n \u00fcretiminden gelen tecr\u00fcbe ile ar\u0131za onar\u0131m ve bak\u0131mlar\u0131 \u00f6zenle yap\u0131lmaktad\u0131r.<\/p>\n\n\n<span style=\"background-color: rgb(255, 255, 255); color: rgb(46, 46, 46); font-family: poppins, sans-serif; font-size: 15px; text-align: justify;\">B\u00fcy\u00fckba\u015f hayvanlar\u0131n karkaslar\u0131n\u0131n ikiye b\u00f6l\u00fcnmesinde kullan\u0131l\u0131r<\/span><br>\n\n\n<p>Testerenin a\u011f\u0131rl\u0131\u011f\u0131n\u0131 dengelemek ve kullan\u0131m\u0131 kolayla\u015ft\u0131rmak i\u00e7in kullan\u0131lan ask\u0131 aparat\u0131<\/p>\n\n\n\n\n<p><span style=\"color: rgb(46, 46, 46); font-family: poppins, sans-serif; font-size: 15px; text-align: justify; background-color: rgb(255, 255, 255);\">Hayvan\u0131 s\u0131k\u0131\u015ft\u0131r\u0131p \u00e7\u0131rp\u0131nmas\u0131n\u0131 \u00f6nlerken d\u00f6nerek kesimi kolayla\u015ft\u0131ran kabin<\/span><br><\/p>\n\n\n<p>Rayl\u0131 sistemde hayvan ilerlerken a\u011f\u0131rl\u0131\u011f\u0131n\u0131n \u00f6l\u00e7\u00fclmesini sa\u011flar<\/p>\n\n\n\n\n\n\n\n\n\n","protected":false},"excerpt":{"rendered":"","protected":false},"author":0,"featured_media":0,"parent":0,"menu_order":0,"comment_status":"closed","ping_status":"closed","template":"","meta":{"footnotes":""},"class_list":["post-101","page","type-page","status-publish","hentry"],"_links":{"self":[{"href":"https:\/\/mezbahateknikservis.com\/index.php\/wp-json\/wp\/v2\/pages\/101","targetHints":{"allow":["GET"]}}],"collection":[{"href":"https:\/\/mezbahateknikservis.com\/index.php\/wp-json\/wp\/v2\/pages"}],"about":[{"href":"https:\/\/mezbahateknikservis.com\/index.php\/wp-json\/wp\/v2\/types\/page"}],"replies":[{"embeddable":true,"href":"https:\/\/mezbahateknikservis.com\/index.php\/wp-json\/wp\/v2\/comments?post=101"}],"version-history":[{"count":9,"href":"https:\/\/mezbahateknikservis.com\/index.php\/wp-json\/wp\/v2\/pages\/101\/revisions"}],"predecessor-version":[{"id":230,"href":"https:\/\/mezbahateknikservis.com\/index.php\/wp-json\/wp\/v2\/pages\/101\/revisions\/230"}],"wp:attachment":[{"href":"https:\/\/mezbahateknikservis.com\/index.php\/wp-json\/wp\/v2\/media?parent=101"}],"curies":[{"name":"wp","href":"https:\/\/api.w.org\/{rel}","templated":true}]}}