{"id":99,"date":"2022-04-28T14:38:00","date_gmt":"2022-04-28T11:38:00","guid":{"rendered":"https:\/\/mezbahateknikservis.com\/index.php\/about\/"},"modified":"2022-05-09T21:22:02","modified_gmt":"2022-05-09T18:22:02","slug":"about","status":"publish","type":"page","link":"https:\/\/mezbahateknikservis.com\/index.php\/about\/","title":{"rendered":"About"},"content":{"rendered":"\n\n\n<h3>Bilgi, tecr\u00fcbe ve ustal\u0131\u011f\u0131n getirdi\u011fi g\u00fcven<\/h3>\n<p>1980 y\u0131l\u0131ndan beri mekanik imalat ve onar\u0131m sekt\u00f6r\u00fcnde, ayn\u0131 zamanda 10 y\u0131l\u0131 a\u015fk\u0131n s\u00fcredir mezbaha sistemleri kurulum ve mezbaha makinalar\u0131 imalat\u0131 \u00fczerine \u00e7al\u0131\u015fman\u0131n getirdi\u011fi tecr\u00fcbeyle mezbaha ve kurban kesim yeri tesislerinizdeki makine ve mekanik ar\u0131za onar\u0131mlar\u0131n\u0131z\u0131 ve bak\u0131mlar\u0131n\u0131z\u0131 \u00f6zenle yap\u0131yoruz.&nbsp;<\/p>\n\n\n\n\n\n\n\n\n\n\n\n\n\n<h4>Yerinde Servis<\/h4>\n<p>Tesislerinizde yap\u0131lacak olan onar\u0131m ve bak\u0131m i\u015fleriniz i\u00e7in bir telefon kadar uza\u011f\u0131z. Bizden teklif almadan karar vermeyin!<\/p>\n\n\n","protected":false},"excerpt":{"rendered":"","protected":false},"author":0,"featured_media":0,"parent":0,"menu_order":0,"comment_status":"closed","ping_status":"closed","template":"","meta":{"footnotes":""},"class_list":["post-99","page","type-page","status-publish","hentry"],"_links":{"self":[{"href":"https:\/\/mezbahateknikservis.com\/index.php\/wp-json\/wp\/v2\/pages\/99","targetHints":{"allow":["GET"]}}],"collection":[{"href":"https:\/\/mezbahateknikservis.com\/index.php\/wp-json\/wp\/v2\/pages"}],"about":[{"href":"https:\/\/mezbahateknikservis.com\/index.php\/wp-json\/wp\/v2\/types\/page"}],"replies":[{"embeddable":true,"href":"https:\/\/mezbahateknikservis.com\/index.php\/wp-json\/wp\/v2\/comments?post=99"}],"version-history":[{"count":2,"href":"https:\/\/mezbahateknikservis.com\/index.php\/wp-json\/wp\/v2\/pages\/99\/revisions"}],"predecessor-version":[{"id":217,"href":"https:\/\/mezbahateknikservis.com\/index.php\/wp-json\/wp\/v2\/pages\/99\/revisions\/217"}],"wp:attachment":[{"href":"https:\/\/mezbahateknikservis.com\/index.php\/wp-json\/wp\/v2\/media?parent=99"}],"curies":[{"name":"wp","href":"https:\/\/api.w.org\/{rel}","templated":true}]}}